{"id":47,"date":"2017-05-12T14:12:27","date_gmt":"2017-05-12T12:12:27","guid":{"rendered":"http:\/\/mallorie-houssais.com\/?page_id=47"},"modified":"2019-07-15T16:14:33","modified_gmt":"2019-07-15T14:14:33","slug":"a-propos","status":"publish","type":"page","link":"https:\/\/mallorie-houssais.com\/index.php\/a-propos\/","title":{"rendered":"A propos"},"content":{"rendered":"<p style=\"text-align: center;\"><img loading=\"lazy\" decoding=\"async\" class=\"wp-image-330 aligncenter\" src=\"http:\/\/mallorie-houssais.com\/wp-content\/uploads\/2017\/05\/254979_10150205903823565_2776842_n-300x200.png\" alt=\"\" width=\"275\" height=\"183\" \/><\/p>\n<p style=\"text-align: center;\">Dipl\u00f4m\u00e9e en design graphique et d\u2019une licence professionnelle en communication visuelle et m\u00e9tier de l\u2019\u00e9dition,<br \/>\nje suis passionn\u00e9e, cr\u00e9ative et d\u00e9termin\u00e9e \u00e0 marier au mieux les mots et les images, afin de r\u00e9pondre aux challenges qui me sont pos\u00e9s et aux besoins des annonceurs en suivant au plus pr\u00e8s l\u2019\u00e9volution de la demande et des supports.<\/p>\n<p style=\"text-align: center;\">En tant que directrice artistique graphiste, j\u2019\u00e9volue sur tous les supports o\u00f9 l\u2019id\u00e9e et la dimension esth\u00e9tique sont essentielles pour s\u00e9duire : affiches, autopromo, \u00e9dition, charte graphique, identit\u00e9 visuelle, presse, \u00e9v\u00e9nementiel, webdesign \u2026 que ce soit pour des marques grand public, de l&rsquo;\u00e9v\u00e9nementiel ou du B. to B.<\/p>\n<p style=\"text-align: center;\">&#8212;&#8212;&#8212;&#8212;&#8212;<\/p>\n<p style=\"text-align: center;\">CV<\/p>\n<p style=\"text-align: center;\"><img loading=\"lazy\" decoding=\"async\" class=\"alignnone wp-image-437 size-full\" src=\"http:\/\/mallorie-houssais.com\/wp-content\/uploads\/2017\/05\/cvmhweb-1.jpg\" alt=\"\" width=\"2236\" height=\"6058\" srcset=\"https:\/\/mallorie-houssais.com\/wp-content\/uploads\/2017\/05\/cvmhweb-1.jpg 2236w, https:\/\/mallorie-houssais.com\/wp-content\/uploads\/2017\/05\/cvmhweb-1-111x300.jpg 111w, https:\/\/mallorie-houssais.com\/wp-content\/uploads\/2017\/05\/cvmhweb-1-768x2081.jpg 768w, https:\/\/mallorie-houssais.com\/wp-content\/uploads\/2017\/05\/cvmhweb-1-378x1024.jpg 378w, https:\/\/mallorie-houssais.com\/wp-content\/uploads\/2017\/05\/cvmhweb-1-940x2547.jpg 940w\" sizes=\"(max-width: 2236px) 100vw, 2236px\" \/><\/p>\n","protected":false},"excerpt":{"rendered":"<p>Dipl\u00f4m\u00e9e en design graphique et d\u2019une licence professionnelle en communication visuelle et m\u00e9tier de l\u2019\u00e9dition, je suis passionn\u00e9e, cr\u00e9ative et d\u00e9termin\u00e9e \u00e0 marier au mieux les mots et les images, afin de r\u00e9pondre aux challenges qui me sont pos\u00e9s et aux besoins des annonceurs en suivant au plus pr\u00e8s l\u2019\u00e9volution de la demande et des [&hellip;]<\/p>\n","protected":false},"author":1,"featured_media":0,"parent":0,"menu_order":0,"comment_status":"closed","ping_status":"closed","template":"","meta":{"footnotes":""},"_links":{"self":[{"href":"https:\/\/mallorie-houssais.com\/index.php\/wp-json\/wp\/v2\/pages\/47"}],"collection":[{"href":"https:\/\/mallorie-houssais.com\/index.php\/wp-json\/wp\/v2\/pages"}],"about":[{"href":"https:\/\/mallorie-houssais.com\/index.php\/wp-json\/wp\/v2\/types\/page"}],"author":[{"embeddable":true,"href":"https:\/\/mallorie-houssais.com\/index.php\/wp-json\/wp\/v2\/users\/1"}],"replies":[{"embeddable":true,"href":"https:\/\/mallorie-houssais.com\/index.php\/wp-json\/wp\/v2\/comments?post=47"}],"version-history":[{"count":14,"href":"https:\/\/mallorie-houssais.com\/index.php\/wp-json\/wp\/v2\/pages\/47\/revisions"}],"predecessor-version":[{"id":438,"href":"https:\/\/mallorie-houssais.com\/index.php\/wp-json\/wp\/v2\/pages\/47\/revisions\/438"}],"wp:attachment":[{"href":"https:\/\/mallorie-houssais.com\/index.php\/wp-json\/wp\/v2\/media?parent=47"}],"curies":[{"name":"wp","href":"https:\/\/api.w.org\/{rel}","templated":true}]}}